{"id":537,"date":"2024-07-18T08:57:11","date_gmt":"2024-07-18T08:57:11","guid":{"rendered":"https:\/\/new.permiteye.ro\/?page_id=537"},"modified":"2024-07-18T08:57:30","modified_gmt":"2024-07-18T08:57:30","slug":"notificari-privind-data-expirarii","status":"publish","type":"page","link":"https:\/\/permiteye.ro\/en\/servicii\/notificari-privind-data-expirarii\/","title":{"rendered":"Expiry Date Notifications"},"content":{"rendered":"<div data-elementor-type=\"wp-page\" data-elementor-id=\"537\" class=\"elementor elementor-537\" data-elementor-post-type=\"page\">\n\t\t\t\t<div class=\"elementor-element elementor-element-2966d761 e-con-full e-flex e-con e-parent\" data-id=\"2966d761\" data-element_type=\"container\" data-settings=\"{&quot;background_background&quot;:&quot;classic&quot;}\">\n\t\t<div class=\"elementor-element elementor-element-51af5e74 e-con-full e-flex e-con e-child\" data-id=\"51af5e74\" data-element_type=\"container\" data-settings=\"{&quot;background_background&quot;:&quot;classic&quot;}\">\n\t\t<div class=\"elementor-element elementor-element-171b2da e-con-full e-flex e-con e-child\" data-id=\"171b2da\" data-element_type=\"container\">\n\t\t\t\t<div class=\"elementor-element elementor-element-25ad1a02 elementor-widget elementor-widget-heading\" data-id=\"25ad1a02\" data-element_type=\"widget\" data-widget_type=\"heading.default\">\n\t\t\t\t<div class=\"elementor-widget-container\">\n\t\t\t\t\t<h2 class=\"elementor-heading-title elementor-size-default\">Expiry Date Notifications<\/h2>\t\t\t\t<\/div>\n\t\t\t\t<\/div>\n\t\t\t\t<div class=\"elementor-element elementor-element-4deaa7db elementor-widget__width-initial elementor-widget elementor-widget-text-editor\" data-id=\"4deaa7db\" data-element_type=\"widget\" data-widget_type=\"text-editor.default\">\n\t\t\t\t<div class=\"elementor-widget-container\">\n\t\t\t\t\t\t\t\t\t<p><strong>PermitEye<\/strong> is a state-of-the-art secure application designed to manage and monitor documents with expiry dates.<\/p>\t\t\t\t\t\t\t\t<\/div>\n\t\t\t\t<\/div>\n\t\t\t\t<\/div>\n\t\t\t\t<\/div>\n\t\t\t\t<\/div>\n\t\t<div class=\"elementor-element elementor-element-35b08dab e-flex e-con-boxed e-con e-parent\" data-id=\"35b08dab\" data-element_type=\"container\">\n\t\t\t\t\t<div class=\"e-con-inner\">\n\t\t<div class=\"elementor-element elementor-element-6b712850 e-flex e-con-boxed e-con e-child\" data-id=\"6b712850\" data-element_type=\"container\">\n\t\t\t\t\t<div class=\"e-con-inner\">\n\t\t<div class=\"elementor-element elementor-element-41c82653 e-con-full e-flex e-con e-child\" data-id=\"41c82653\" data-element_type=\"container\">\n\t\t\t\t<div class=\"elementor-element elementor-element-65dbfb08 elementor-align-left elementor-widget elementor-widget-button\" data-id=\"65dbfb08\" data-element_type=\"widget\" data-widget_type=\"button.default\">\n\t\t\t\t<div class=\"elementor-widget-container\">\n\t\t\t\t\t\t\t\t\t<div class=\"elementor-button-wrapper\">\n\t\t\t\t\t<a class=\"elementor-button elementor-size-sm\" role=\"button\">\n\t\t\t\t\t\t<span class=\"elementor-button-content-wrapper\">\n\t\t\t\t\t\t\t\t\t<span class=\"elementor-button-text\">WHAT IT MEANS<\/span>\n\t\t\t\t\t<\/span>\n\t\t\t\t\t<\/a>\n\t\t\t\t<\/div>\n\t\t\t\t\t\t\t\t<\/div>\n\t\t\t\t<\/div>\n\t\t\t\t<\/div>\n\t\t<div class=\"elementor-element elementor-element-72f1295f e-con-full e-flex e-con e-child\" data-id=\"72f1295f\" data-element_type=\"container\">\n\t\t\t\t<div class=\"elementor-element elementor-element-7982c377 elementor-widget elementor-widget-heading\" data-id=\"7982c377\" data-element_type=\"widget\" data-widget_type=\"heading.default\">\n\t\t\t\t<div class=\"elementor-widget-container\">\n\t\t\t\t\t<h3 class=\"elementor-heading-title elementor-size-default\">PermitEye automatically notifies you of upcoming document expirations, ensuring you never miss a renewal deadline.<\/h3>\t\t\t\t<\/div>\n\t\t\t\t<\/div>\n\t\t\t\t<\/div>\n\t\t\t\t\t<\/div>\n\t\t\t\t<\/div>\n\t\t<div class=\"elementor-element elementor-element-a046b43 e-con-full e-flex e-con e-child\" data-id=\"a046b43\" data-element_type=\"container\">\n\t\t<div class=\"elementor-element elementor-element-6b874179 e-con-full e-flex e-con e-child\" data-id=\"6b874179\" data-element_type=\"container\">\n\t\t<div class=\"elementor-element elementor-element-4a631bb3 e-con-full e-flex e-con e-child\" data-id=\"4a631bb3\" data-element_type=\"container\">\n\t\t<div class=\"elementor-element elementor-element-57fb601b e-con-full e-flex e-con e-child\" data-id=\"57fb601b\" data-element_type=\"container\">\n\t\t\t\t<div class=\"elementor-element elementor-element-706e662d elementor-widget elementor-widget-heading\" data-id=\"706e662d\" data-element_type=\"widget\" data-widget_type=\"heading.default\">\n\t\t\t\t<div class=\"elementor-widget-container\">\n\t\t\t\t\t<h2 class=\"elementor-heading-title elementor-size-default\">01<\/h2>\t\t\t\t<\/div>\n\t\t\t\t<\/div>\n\t\t\t\t<\/div>\n\t\t<div class=\"elementor-element elementor-element-4c0e698a e-con-full e-flex e-con e-child\" data-id=\"4c0e698a\" data-element_type=\"container\">\n\t\t\t\t<div class=\"elementor-element elementor-element-303a7e31 elementor-widget elementor-widget-icon-box\" data-id=\"303a7e31\" data-element_type=\"widget\" data-widget_type=\"icon-box.default\">\n\t\t\t\t<div class=\"elementor-widget-container\">\n\t\t\t\t\t\t\t<div class=\"elementor-icon-box-wrapper\">\n\n\t\t\t\n\t\t\t\t\t\t<div class=\"elementor-icon-box-content\">\n\n\t\t\t\t\t\t\t\t\t<h4 class=\"elementor-icon-box-title\">\n\t\t\t\t\t\t<span  >\n\t\t\t\t\t\t\tAutomated Alert\t\t\t\t\t\t<\/span>\n\t\t\t\t\t<\/h4>\n\t\t\t\t\n\t\t\t\t\t\t\t\t\t<p class=\"elementor-icon-box-description\">\n\t\t\t\t\t\tReceive notifications of upcoming document expirations.\t\t\t\t\t<\/p>\n\t\t\t\t\n\t\t\t<\/div>\n\t\t\t\n\t\t<\/div>\n\t\t\t\t\t\t<\/div>\n\t\t\t\t<\/div>\n\t\t\t\t<\/div>\n\t\t\t\t<\/div>\n\t\t<div class=\"elementor-element elementor-element-29a2f0f6 e-con-full e-flex e-con e-child\" data-id=\"29a2f0f6\" data-element_type=\"container\">\n\t\t<div class=\"elementor-element elementor-element-22181ad4 e-con-full e-flex e-con e-child\" data-id=\"22181ad4\" data-element_type=\"container\">\n\t\t\t\t<div class=\"elementor-element elementor-element-33bbac05 elementor-widget elementor-widget-heading\" data-id=\"33bbac05\" data-element_type=\"widget\" data-widget_type=\"heading.default\">\n\t\t\t\t<div class=\"elementor-widget-container\">\n\t\t\t\t\t<h2 class=\"elementor-heading-title elementor-size-default\">02<\/h2>\t\t\t\t<\/div>\n\t\t\t\t<\/div>\n\t\t\t\t<\/div>\n\t\t<div class=\"elementor-element elementor-element-736904a5 e-con-full e-flex e-con e-child\" data-id=\"736904a5\" data-element_type=\"container\">\n\t\t\t\t<div class=\"elementor-element elementor-element-524aec85 elementor-widget elementor-widget-icon-box\" data-id=\"524aec85\" data-element_type=\"widget\" data-widget_type=\"icon-box.default\">\n\t\t\t\t<div class=\"elementor-widget-container\">\n\t\t\t\t\t\t\t<div class=\"elementor-icon-box-wrapper\">\n\n\t\t\t\n\t\t\t\t\t\t<div class=\"elementor-icon-box-content\">\n\n\t\t\t\t\t\t\t\t\t<h4 class=\"elementor-icon-box-title\">\n\t\t\t\t\t\t<span  >\n\t\t\t\t\t\t\tCustomize Notifications\t\t\t\t\t\t<\/span>\n\t\t\t\t\t<\/h4>\n\t\t\t\t\n\t\t\t\t\t\t\t\t\t<p class=\"elementor-icon-box-description\">\n\t\t\t\t\t\tSet notification intervals according to your preferences.\t\t\t\t\t<\/p>\n\t\t\t\t\n\t\t\t<\/div>\n\t\t\t\n\t\t<\/div>\n\t\t\t\t\t\t<\/div>\n\t\t\t\t<\/div>\n\t\t\t\t<\/div>\n\t\t\t\t<\/div>\n\t\t<div class=\"elementor-element elementor-element-5b4468e3 e-con-full e-flex e-con e-child\" data-id=\"5b4468e3\" data-element_type=\"container\">\n\t\t<div class=\"elementor-element elementor-element-4be9759 e-con-full e-flex e-con e-child\" data-id=\"4be9759\" data-element_type=\"container\">\n\t\t\t\t<div class=\"elementor-element elementor-element-8315f15 elementor-widget elementor-widget-heading\" data-id=\"8315f15\" data-element_type=\"widget\" data-widget_type=\"heading.default\">\n\t\t\t\t<div class=\"elementor-widget-container\">\n\t\t\t\t\t<h2 class=\"elementor-heading-title elementor-size-default\">03<\/h2>\t\t\t\t<\/div>\n\t\t\t\t<\/div>\n\t\t\t\t<\/div>\n\t\t<div class=\"elementor-element elementor-element-1e928914 e-con-full e-flex e-con e-child\" data-id=\"1e928914\" data-element_type=\"container\">\n\t\t\t\t<div class=\"elementor-element elementor-element-680b664f elementor-widget elementor-widget-icon-box\" data-id=\"680b664f\" data-element_type=\"widget\" data-widget_type=\"icon-box.default\">\n\t\t\t\t<div class=\"elementor-widget-container\">\n\t\t\t\t\t\t\t<div class=\"elementor-icon-box-wrapper\">\n\n\t\t\t\n\t\t\t\t\t\t<div class=\"elementor-icon-box-content\">\n\n\t\t\t\t\t\t\t\t\t<h4 class=\"elementor-icon-box-title\">\n\t\t\t\t\t\t<span  >\n\t\t\t\t\t\t\tContinuous Monitoring\t\t\t\t\t\t<\/span>\n\t\t\t\t\t<\/h4>\n\t\t\t\t\n\t\t\t\t\t\t\t\t\t<p class=\"elementor-icon-box-description\">\n\t\t\t\t\t\tThe system constantly monitors document expiry dates.\t\t\t\t\t<\/p>\n\t\t\t\t\n\t\t\t<\/div>\n\t\t\t\n\t\t<\/div>\n\t\t\t\t\t\t<\/div>\n\t\t\t\t<\/div>\n\t\t\t\t<\/div>\n\t\t\t\t<\/div>\n\t\t<div class=\"elementor-element elementor-element-4efee781 e-con-full e-flex e-con e-child\" data-id=\"4efee781\" data-element_type=\"container\">\n\t\t<div class=\"elementor-element elementor-element-4aa1f58e e-con-full e-flex e-con e-child\" data-id=\"4aa1f58e\" data-element_type=\"container\">\n\t\t\t\t<div class=\"elementor-element elementor-element-685f53e2 elementor-widget elementor-widget-heading\" data-id=\"685f53e2\" data-element_type=\"widget\" data-widget_type=\"heading.default\">\n\t\t\t\t<div class=\"elementor-widget-container\">\n\t\t\t\t\t<h2 class=\"elementor-heading-title elementor-size-default\">04<\/h2>\t\t\t\t<\/div>\n\t\t\t\t<\/div>\n\t\t\t\t<\/div>\n\t\t<div class=\"elementor-element elementor-element-5efd27 e-con-full e-flex e-con e-child\" data-id=\"5efd27\" data-element_type=\"container\">\n\t\t\t\t<div class=\"elementor-element elementor-element-2dd0a71c elementor-widget elementor-widget-icon-box\" data-id=\"2dd0a71c\" data-element_type=\"widget\" data-widget_type=\"icon-box.default\">\n\t\t\t\t<div class=\"elementor-widget-container\">\n\t\t\t\t\t\t\t<div class=\"elementor-icon-box-wrapper\">\n\n\t\t\t\n\t\t\t\t\t\t<div class=\"elementor-icon-box-content\">\n\n\t\t\t\t\t\t\t\t\t<h4 class=\"elementor-icon-box-title\">\n\t\t\t\t\t\t<span  >\n\t\t\t\t\t\t\tRisk Prevention\t\t\t\t\t\t<\/span>\n\t\t\t\t\t<\/h4>\n\t\t\t\t\n\t\t\t\t\t\t\t\t\t<p class=\"elementor-icon-box-description\">\n\t\t\t\t\t\tAvoid the risks associated with important documents expiring.\t\t\t\t\t<\/p>\n\t\t\t\t\n\t\t\t<\/div>\n\t\t\t\n\t\t<\/div>\n\t\t\t\t\t\t<\/div>\n\t\t\t\t<\/div>\n\t\t\t\t<\/div>\n\t\t\t\t<\/div>\n\t\t<div class=\"elementor-element elementor-element-112affb7 e-con-full e-flex e-con e-child\" data-id=\"112affb7\" data-element_type=\"container\">\n\t\t<div class=\"elementor-element elementor-element-7323ac84 e-con-full e-flex e-con e-child\" data-id=\"7323ac84\" data-element_type=\"container\">\n\t\t\t\t<div class=\"elementor-element elementor-element-77023a79 elementor-widget elementor-widget-heading\" data-id=\"77023a79\" data-element_type=\"widget\" data-widget_type=\"heading.default\">\n\t\t\t\t<div class=\"elementor-widget-container\">\n\t\t\t\t\t<h2 class=\"elementor-heading-title elementor-size-default\">05<\/h2>\t\t\t\t<\/div>\n\t\t\t\t<\/div>\n\t\t\t\t<\/div>\n\t\t<div class=\"elementor-element elementor-element-579a5128 e-con-full e-flex e-con e-child\" data-id=\"579a5128\" data-element_type=\"container\">\n\t\t\t\t<div class=\"elementor-element elementor-element-61e03805 elementor-widget elementor-widget-icon-box\" data-id=\"61e03805\" data-element_type=\"widget\" data-widget_type=\"icon-box.default\">\n\t\t\t\t<div class=\"elementor-widget-container\">\n\t\t\t\t\t\t\t<div class=\"elementor-icon-box-wrapper\">\n\n\t\t\t\n\t\t\t\t\t\t<div class=\"elementor-icon-box-content\">\n\n\t\t\t\t\t\t\t\t\t<h4 class=\"elementor-icon-box-title\">\n\t\t\t\t\t\t<span  >\n\t\t\t\t\t\t\tStatute updates\t\t\t\t\t\t<\/span>\n\t\t\t\t\t<\/h4>\n\t\t\t\t\n\t\t\t\t\t\t\t\t\t<p class=\"elementor-icon-box-description\">\n\t\t\t\t\t\tKeep up to date with the current status of all documents and actions required.\t\t\t\t\t<\/p>\n\t\t\t\t\n\t\t\t<\/div>\n\t\t\t\n\t\t<\/div>\n\t\t\t\t\t\t<\/div>\n\t\t\t\t<\/div>\n\t\t\t\t<\/div>\n\t\t\t\t<\/div>\n\t\t\t\t<\/div>\n\t\t<div class=\"elementor-element elementor-element-57b71aa9 e-con-full e-flex e-con e-child\" data-id=\"57b71aa9\" data-element_type=\"container\">\n\t\t\t\t<div class=\"elementor-element elementor-element-31882452 elementor-widget elementor-widget-image\" data-id=\"31882452\" data-element_type=\"widget\" data-widget_type=\"image.default\">\n\t\t\t\t<div class=\"elementor-widget-container\">\n\t\t\t\t\t\t\t\t\t\t\t\t\t\t\t<img fetchpriority=\"high\" decoding=\"async\" width=\"800\" height=\"800\" src=\"https:\/\/permiteye.ro\/wp-content\/uploads\/2024\/07\/Firefly-Copper-old-vintage-bell-doorbell-rope-on-a-wooden-blue-aged-wall.-Concept-decor-element-in-1024x1024.jpg\" class=\"attachment-large size-large wp-image-539\" alt=\"\" srcset=\"https:\/\/permiteye.ro\/wp-content\/uploads\/2024\/07\/Firefly-Copper-old-vintage-bell-doorbell-rope-on-a-wooden-blue-aged-wall.-Concept-decor-element-in-1024x1024.jpg 1024w, https:\/\/permiteye.ro\/wp-content\/uploads\/2024\/07\/Firefly-Copper-old-vintage-bell-doorbell-rope-on-a-wooden-blue-aged-wall.-Concept-decor-element-in-300x300.jpg 300w, https:\/\/permiteye.ro\/wp-content\/uploads\/2024\/07\/Firefly-Copper-old-vintage-bell-doorbell-rope-on-a-wooden-blue-aged-wall.-Concept-decor-element-in-150x150.jpg 150w, https:\/\/permiteye.ro\/wp-content\/uploads\/2024\/07\/Firefly-Copper-old-vintage-bell-doorbell-rope-on-a-wooden-blue-aged-wall.-Concept-decor-element-in-768x768.jpg 768w, https:\/\/permiteye.ro\/wp-content\/uploads\/2024\/07\/Firefly-Copper-old-vintage-bell-doorbell-rope-on-a-wooden-blue-aged-wall.-Concept-decor-element-in-1536x1536.jpg 1536w, https:\/\/permiteye.ro\/wp-content\/uploads\/2024\/07\/Firefly-Copper-old-vintage-bell-doorbell-rope-on-a-wooden-blue-aged-wall.-Concept-decor-element-in.jpg 2048w\" sizes=\"(max-width: 800px) 100vw, 800px\" \/>\t\t\t\t\t\t\t\t\t\t\t\t\t\t\t<\/div>\n\t\t\t\t<\/div>\n\t\t\t\t<div class=\"elementor-element elementor-element-1b6d0496 elementor-align-right elementor-widget elementor-widget-button\" data-id=\"1b6d0496\" data-element_type=\"widget\" data-widget_type=\"button.default\">\n\t\t\t\t<div class=\"elementor-widget-container\">\n\t\t\t\t\t\t\t\t\t<div class=\"elementor-button-wrapper\">\n\t\t\t\t\t<a class=\"elementor-button elementor-button-link elementor-size-sm elementor-animation-bob\" href=\"\/en\/contact\/\">\n\t\t\t\t\t\t<span class=\"elementor-button-content-wrapper\">\n\t\t\t\t\t\t<span class=\"elementor-button-icon\">\n\t\t\t\t<i aria-hidden=\"true\" class=\"icon icon-right-arrow\"><\/i>\t\t\t<\/span>\n\t\t\t\t\t\t\t\t\t<span class=\"elementor-button-text\">Let'talk<\/span>\n\t\t\t\t\t<\/span>\n\t\t\t\t\t<\/a>\n\t\t\t\t<\/div>\n\t\t\t\t\t\t\t\t<\/div>\n\t\t\t\t<\/div>\n\t\t\t\t<\/div>\n\t\t\t\t<\/div>\n\t\t\t\t\t<\/div>\n\t\t\t\t<\/div>\n\t\t\t\t<\/div>","protected":false},"excerpt":{"rendered":"<p>Notific\u0103ri Privind Data Expir\u0103rii PermitEye este o aplica\u021bie securizat\u0103 de ultim\u0103 genera\u021bie, conceput\u0103 pentru gestionarea \u0219i monitorizarea documentelor cu dat\u0103 de expirare. CE \u00ceNSEAMN\u0102 PermitEye v\u0103 notific\u0103 automat cu privire la viitoarele expir\u0103ri ale documentelor, asigur\u00e2ndu-v\u0103 c\u0103 nu rata\u021bi niciodat\u0103 un termen limit\u0103 de re\u00eennoire. 01 Alerte Automate Prime\u0219ti notific\u0103ri cu privire la viitoarele expir\u0103ri [&hellip;]<\/p>","protected":false},"author":1,"featured_media":0,"parent":445,"menu_order":0,"comment_status":"closed","ping_status":"closed","template":"elementor_header_footer","meta":{"footnotes":""},"class_list":["post-537","page","type-page","status-publish","hentry"],"_links":{"self":[{"href":"https:\/\/permiteye.ro\/en\/wp-json\/wp\/v2\/pages\/537","targetHints":{"allow":["GET"]}}],"collection":[{"href":"https:\/\/permiteye.ro\/en\/wp-json\/wp\/v2\/pages"}],"about":[{"href":"https:\/\/permiteye.ro\/en\/wp-json\/wp\/v2\/types\/page"}],"author":[{"embeddable":true,"href":"https:\/\/permiteye.ro\/en\/wp-json\/wp\/v2\/users\/1"}],"replies":[{"embeddable":true,"href":"https:\/\/permiteye.ro\/en\/wp-json\/wp\/v2\/comments?post=537"}],"version-history":[{"count":4,"href":"https:\/\/permiteye.ro\/en\/wp-json\/wp\/v2\/pages\/537\/revisions"}],"predecessor-version":[{"id":542,"href":"https:\/\/permiteye.ro\/en\/wp-json\/wp\/v2\/pages\/537\/revisions\/542"}],"up":[{"embeddable":true,"href":"https:\/\/permiteye.ro\/en\/wp-json\/wp\/v2\/pages\/445"}],"wp:attachment":[{"href":"https:\/\/permiteye.ro\/en\/wp-json\/wp\/v2\/media?parent=537"}],"curies":[{"name":"wp","href":"https:\/\/api.w.org\/{rel}","templated":true}]}}